{"id":1018,"date":"2020-12-05T08:53:56","date_gmt":"2020-12-05T07:53:56","guid":{"rendered":"https:\/\/www.falkschoss.de\/content\/?page_id=1018"},"modified":"2020-12-08T09:30:17","modified_gmt":"2020-12-08T08:30:17","slug":"datenschutz","status":"publish","type":"page","link":"https:\/\/www.falkschoss.de\/content\/datenschutz\/","title":{"rendered":"Datenschutz"},"content":{"rendered":"<p>Name und Anschrift des Verantwortlichen und Datenschutzbeauftragten:<\/p>\n<p>SCHO\u00df INGENIEUR GmbH<br \/>\nDipl.-Ing. Falk Scho\u00df<br \/>\nBerliner Str. 6<br \/>\n16835 Herzberg<br \/>\nTel. 033926 179886<br \/>\n<img loading=\"lazy\" decoding=\"async\" class=\"alignnone size-full wp-image-1197\" src=\"https:\/\/www.falkschoss.de\/content\/wp-content\/uploads\/2020\/12\/mail.jpg\" alt=\"\" width=\"144\" height=\"24\" \/><\/p>\n<p>Wir verarbeiten personenbezogene Daten unserer Nutzer grunds\u00e4tzlich nur, soweit dies zur Bereitstellung einer funktionsf\u00e4higen Website sowie unserer Inhalte und Leistungen erforderlich ist. Die Verarbeitung personenbezogener Daten unserer Nutzer erfolgt nur in solchen F\u00e4llen, in denen eine vorherige Einholung einer Einwilligung aus tats\u00e4chlichen Gr\u00fcnden nicht m\u00f6glich ist und die Verarbeitung der Daten durch gesetzliche Vorschriften gestattet ist.<\/p>\n<p>Bei jedem Aufruf unserer Internetseite erfasst unser System automatisiert Daten und Informationen vom Computersystem des aufrufenden Rechners. Folgende Daten werden hierbei erhoben:<\/p>\n<ul>\n<li>Informationen \u00fcber den Browsertyp und die verwendete Version<\/li>\n<li>Das Betriebssystem des Nutzers<\/li>\n<li>Den Internet-Service-Provider des Nutzers<\/li>\n<li>Die IP-Adresse des Nutzers<\/li>\n<li>Datum und Uhrzeit des Zugriffs<\/li>\n<li>Websites, von denen das System des Nutzers auf unsere Internetseite gelangt<\/li>\n<li>Websites, die vom System des Nutzers \u00fcber unsere Website aufgerufen werden<\/li>\n<\/ul>\n<p>Die Daten werden ebenfalls in den Logfiles unseres Systems gespeichert. Nicht hiervon betroffen sind die IP-Adressen des Nutzers oder andere Daten, die die Zuordnung der Daten zu einem Nutzer erm\u00f6glichen. Eine Speicherung dieser Daten zusammen mit anderen personenbezogenen Daten des Nutzers findet nicht statt.<\/p>\n<p>Rechtsgrundlage f\u00fcr die vor\u00fcbergehende Speicherung der Daten ist Art. 6 Abs. 1 lit. f DSGVO.<\/p>\n<p>Die vor\u00fcbergehende Speicherung der IP-Adresse durch das System ist notwendig, um eine Auslieferung der Website an den Rechner des Nutzers zu erm\u00f6glichen. Hierf\u00fcr muss die IP-Adresse des Nutzers f\u00fcr die Dauer der Sitzung gespeichert bleiben. In diesen Zwecken liegt auch unser berechtigtes Interesse an der Datenverarbeitung nach Art. 6 Abs. 1 lit. f DSGVO. Die Daten werden gel\u00f6scht, sobald sie f\u00fcr die Erreichung des Zweckes ihrer Erhebung nicht mehr erforderlich sind. Im Falle der Erfassung der Daten zur Bereitstellung der Website ist dies der Fall, wenn die jeweilige Sitzung beendet ist.<\/p>\n<p>Die Erfassung der Daten zur Bereitstellung der Website und die Speicherung der Daten in Logfiles ist f\u00fcr den Betrieb der Internetseite zwingend erforderlich. Es besteht folglich seitens des Nutzers keine Widerspruchsm\u00f6glichkeit.<\/p>\n","protected":false},"excerpt":{"rendered":"<p>Name und Anschrift des Verantwortlichen und Datenschutzbeauftragten: SCHO\u00df INGENIEUR GmbH Dipl.-Ing. Falk Scho\u00df Berliner Str. 6 16835 Herzberg Tel. 033926 [&hellip;]<\/p>\n","protected":false},"author":1,"featured_media":0,"parent":0,"menu_order":0,"comment_status":"closed","ping_status":"closed","template":"","meta":{"footnotes":""},"class_list":["post-1018","page","type-page","status-publish","hentry"],"_links":{"self":[{"href":"https:\/\/www.falkschoss.de\/content\/wp-json\/wp\/v2\/pages\/1018","targetHints":{"allow":["GET"]}}],"collection":[{"href":"https:\/\/www.falkschoss.de\/content\/wp-json\/wp\/v2\/pages"}],"about":[{"href":"https:\/\/www.falkschoss.de\/content\/wp-json\/wp\/v2\/types\/page"}],"author":[{"embeddable":true,"href":"https:\/\/www.falkschoss.de\/content\/wp-json\/wp\/v2\/users\/1"}],"replies":[{"embeddable":true,"href":"https:\/\/www.falkschoss.de\/content\/wp-json\/wp\/v2\/comments?post=1018"}],"version-history":[{"count":2,"href":"https:\/\/www.falkschoss.de\/content\/wp-json\/wp\/v2\/pages\/1018\/revisions"}],"predecessor-version":[{"id":1200,"href":"https:\/\/www.falkschoss.de\/content\/wp-json\/wp\/v2\/pages\/1018\/revisions\/1200"}],"wp:attachment":[{"href":"https:\/\/www.falkschoss.de\/content\/wp-json\/wp\/v2\/media?parent=1018"}],"curies":[{"name":"wp","href":"https:\/\/api.w.org\/{rel}","templated":true}]}}