{"id":1020,"date":"2020-12-05T09:38:11","date_gmt":"2020-12-05T08:38:11","guid":{"rendered":"https:\/\/www.falkschoss.de\/content\/?page_id=1020"},"modified":"2020-12-08T09:29:28","modified_gmt":"2020-12-08T08:29:28","slug":"impressum","status":"publish","type":"page","link":"https:\/\/www.falkschoss.de\/content\/impressum\/","title":{"rendered":"Impressum"},"content":{"rendered":"<p>Anbieterkennzeichnung nach \u00a7 5 TMG und Angaben nach DL-InfoV:<\/p>\n<p>SCHO\u00df INGENIEUR GmbH<br \/>\nBerliner Str. 6<br \/>\n16835 Herzberg<br \/>\nTel. 033926 179886<br \/>\n<img loading=\"lazy\" decoding=\"async\" class=\"alignnone size-full wp-image-1197\" src=\"https:\/\/www.falkschoss.de\/content\/wp-content\/uploads\/2020\/12\/mail.jpg\" alt=\"\" width=\"144\" height=\"24\" \/><\/p>\n<p>Gesch\u00e4ftsf\u00fchrer: Dipl.-Ing. Falk Scho\u00df<\/p>\n<p>Amtsgericht Neuruppin HRB 10708 NP<br \/>\nUSt-IdNr.: DE257843050<\/p>\n<p>Mitglied der Industrie- und Handelskammer Potsdam<br \/>\nStaat, in dem die Berufsbezeichnung verliehen wurde: Bundesrepublik Deutschland.<br \/>\nDer Inhaber ist <b>bauvorlageberechtigt<\/b> seit 1994 und wird bei der Brandenburgischen<br \/>\nIngenieurkammer unter der Nr. 51108 in der Liste der bauvorlageberechtigten\u00a0Mitglieder<br \/>\nsowie als <b>qualifizierter Tragwerksplaner<\/b> gem\u00e4\u00df \u00a712 BbgInG i.V.m. \u00a766 BbgBO gef\u00fchrt.<br \/>\nErlaubnis nach \u00a734c GewO Amt Lindow<\/p>\n<p>Die Anbieterin unterliegt folgenden gesetzlichen Regelungen:<\/p>\n<ul>\n<li>Gesetz zum Schutz der Berufsbezeichnung &#8222;Ingenieur&#8220; und &#8222;Ingenieurin&#8220; &#8211; BbgInG<\/li>\n<li>Brandenburgisches Ingenieurkammergesetz &#8211; Bbg-IngKamG<\/li>\n<li>Honorarordnung f\u00fcr Architekten und Ingenieure &#8211; HOAI<\/li>\n<\/ul>\n<p>Berufshaftpflichtversicherung: HDI Gerling Firmen und Privat Vers. AG, PF 2127,<br \/>\n30021 Hannover; r\u00e4umlicher Geltungsbereich: Bundesrepublik Deutschland<\/p>\n","protected":false},"excerpt":{"rendered":"<p>Anbieterkennzeichnung nach \u00a7 5 TMG und Angaben nach DL-InfoV: SCHO\u00df INGENIEUR GmbH Berliner Str. 6 16835 Herzberg Tel. 033926 179886 [&hellip;]<\/p>\n","protected":false},"author":1,"featured_media":0,"parent":0,"menu_order":0,"comment_status":"closed","ping_status":"closed","template":"","meta":{"footnotes":""},"class_list":["post-1020","page","type-page","status-publish","hentry"],"_links":{"self":[{"href":"https:\/\/www.falkschoss.de\/content\/wp-json\/wp\/v2\/pages\/1020","targetHints":{"allow":["GET"]}}],"collection":[{"href":"https:\/\/www.falkschoss.de\/content\/wp-json\/wp\/v2\/pages"}],"about":[{"href":"https:\/\/www.falkschoss.de\/content\/wp-json\/wp\/v2\/types\/page"}],"author":[{"embeddable":true,"href":"https:\/\/www.falkschoss.de\/content\/wp-json\/wp\/v2\/users\/1"}],"replies":[{"embeddable":true,"href":"https:\/\/www.falkschoss.de\/content\/wp-json\/wp\/v2\/comments?post=1020"}],"version-history":[{"count":4,"href":"https:\/\/www.falkschoss.de\/content\/wp-json\/wp\/v2\/pages\/1020\/revisions"}],"predecessor-version":[{"id":1199,"href":"https:\/\/www.falkschoss.de\/content\/wp-json\/wp\/v2\/pages\/1020\/revisions\/1199"}],"wp:attachment":[{"href":"https:\/\/www.falkschoss.de\/content\/wp-json\/wp\/v2\/media?parent=1020"}],"curies":[{"name":"wp","href":"https:\/\/api.w.org\/{rel}","templated":true}]}}