{"id":1058,"date":"2020-12-05T16:03:59","date_gmt":"2020-12-05T15:03:59","guid":{"rendered":"https:\/\/www.falkschoss.de\/content\/?page_id=1058"},"modified":"2025-09-17T10:56:31","modified_gmt":"2025-09-17T08:56:31","slug":"dieter-wieland-eine-linksammlung","status":"publish","type":"page","link":"https:\/\/www.falkschoss.de\/content\/dieter-wieland-eine-linksammlung\/","title":{"rendered":"Dieter Wieland &#8211; eine Linksammlung"},"content":{"rendered":"<p><span class=\"text\">Dieter Wieland ist Legende. Kaum jemand hat sich so sehr f\u00fcr unsere Baukultur<br \/>\neingesetzt wie er mit seinen \u00fcber 250 Dokumentarfilmen. Daf\u00fcr geb\u00fchrt ihm Dank.<\/span><\/p>\n<ul>\n<li><span style=\"color: #151515;\"> <a href=\"https:\/\/www.youtube.com\/watch?v=8FRBMmM0qjc\" target=\"_blank\" rel=\"noopener noreferrer\">Unser Dorf soll h\u00e4\u00dflich werden<\/a><\/span><\/li>\n<li><a href=\"https:\/\/www.youtube.com\/watch?v=3bGDkwcDock\" target=\"_blank\" rel=\"noopener noreferrer\">Putz und M\u00f6rtel<\/a><\/li>\n<li><a href=\"https:\/\/www.youtube.com\/watch?v=lqcp_q37txY\" target=\"_blank\" rel=\"noopener noreferrer\">Das Dach<\/a><\/li>\n<li><a href=\"https:\/\/www.youtube.com\/watch?v=_swm10B7tMI\" target=\"_blank\" rel=\"noopener noreferrer\">Das Fenster<\/a><\/li>\n<li><a href=\"https:\/\/www.youtube.com\/watch?v=19F20fUipPk\" target=\"_blank\" rel=\"noopener noreferrer\">Die T\u00fcr<\/a><\/li>\n<li><a href=\"https:\/\/www.youtube.com\/watch?v=uxVWQnOa09A\" target=\"_blank\" rel=\"noopener noreferrer\">Die Farbe<\/a><\/li>\n<li><a href=\"https:\/\/www.youtube.com\/watch?v=uluF8AaSsYA\" target=\"_blank\" rel=\"noopener noreferrer\">Der Jodlerstil<\/a><\/li>\n<li><a href=\"https:\/\/www.youtube.com\/watch?v=Lr3jXtFTJc8\" target=\"_blank\" rel=\"noopener noreferrer\">Ha\u00dfberge<\/a><\/li>\n<li><a href=\"https:\/\/www.youtube.com\/watch?v=OnV5db-3QN4\" target=\"_blank\" rel=\"noopener noreferrer\">Die Gartenstadt Piesteritz<\/a><\/li>\n<\/ul>\n","protected":false},"excerpt":{"rendered":"<p>Dieter Wieland ist Legende. Kaum jemand hat sich so sehr f\u00fcr unsere Baukultur eingesetzt wie er mit seinen \u00fcber 250 [&hellip;]<\/p>\n","protected":false},"author":1,"featured_media":0,"parent":0,"menu_order":0,"comment_status":"closed","ping_status":"closed","template":"","meta":{"footnotes":""},"class_list":["post-1058","page","type-page","status-publish","hentry"],"_links":{"self":[{"href":"https:\/\/www.falkschoss.de\/content\/wp-json\/wp\/v2\/pages\/1058","targetHints":{"allow":["GET"]}}],"collection":[{"href":"https:\/\/www.falkschoss.de\/content\/wp-json\/wp\/v2\/pages"}],"about":[{"href":"https:\/\/www.falkschoss.de\/content\/wp-json\/wp\/v2\/types\/page"}],"author":[{"embeddable":true,"href":"https:\/\/www.falkschoss.de\/content\/wp-json\/wp\/v2\/users\/1"}],"replies":[{"embeddable":true,"href":"https:\/\/www.falkschoss.de\/content\/wp-json\/wp\/v2\/comments?post=1058"}],"version-history":[{"count":5,"href":"https:\/\/www.falkschoss.de\/content\/wp-json\/wp\/v2\/pages\/1058\/revisions"}],"predecessor-version":[{"id":1234,"href":"https:\/\/www.falkschoss.de\/content\/wp-json\/wp\/v2\/pages\/1058\/revisions\/1234"}],"wp:attachment":[{"href":"https:\/\/www.falkschoss.de\/content\/wp-json\/wp\/v2\/media?parent=1058"}],"curies":[{"name":"wp","href":"https:\/\/api.w.org\/{rel}","templated":true}]}}