{"id":701,"date":"2020-11-28T15:06:26","date_gmt":"2020-11-28T14:06:26","guid":{"rendered":"http:\/\/www.falkschoss.de\/content\/?page_id=701"},"modified":"2020-12-05T20:39:05","modified_gmt":"2020-12-05T19:39:05","slug":"baukultur","status":"publish","type":"page","link":"https:\/\/www.falkschoss.de\/content\/baukultur\/","title":{"rendered":"Baukultur ohne \u00c4sthetik ist keine"},"content":{"rendered":"\r\n<p>Es gilt also, der gestalterischen Verwahrlosung des gegenw\u00e4rtigen Bauens mit einer Architektur zu begegnen, die das Bed\u00fcrfnis des Menschen nach \u00c4sthetik bedient. Das kann durch Zitieren traditioneller Elemente geschehen. Dies taten Baumeister schon immer. Denn: Nicht das Neue per se sondern das \u00c4sthetische ist \u00e4sthetisch.<br \/><br \/><a href=\"https:\/\/www.falkschoss.de\/content\/die-architekten-estorff-winkler-im-potsdam-der-30er-jahre\/\" rel=\"noopener noreferrer\"><u><strong>Die Architekten Estorff &amp; Winkler im Potsdam der 30er Jahre<\/strong><\/u><\/a><br \/>Fachartikel zum Landhausstil in der Reformarchitektur<br \/><br \/><a href=\"https:\/\/www.falkschoss.de\/content\/dieter-wieland-eine-linksammlung\/\" rel=\"noopener noreferrer\"><u><strong>Dokumentarfilme von Dieter Wieland<\/strong><\/u><\/a><br \/>Eine Linksammlung<br \/><br \/><a href=\"https:\/\/www.falkschoss.de\/content\/literaturempfehlungen\/\" rel=\"noopener noreferrer\"><u><strong>Literaturempfehlungen<\/strong><\/u><\/a><br \/>Eine Auswahl<br \/><br \/>Geplanter Beitrag:<br \/>&#8211; Architekturstil &#8222;<a href=\"https:\/\/digital.ub.uni-paderborn.de\/ihd\/content\/titleinfo\/2820989\" target=\"_blank\" rel=\"noreferrer noopener\"><u><strong>Um 1800<\/strong><\/u><\/a>&#8220; und Reformarchitektur, Paul Mebes, Hermann Muthesius et al.<\/p>\r\n","protected":false},"excerpt":{"rendered":"<p>Es gilt also, der gestalterischen Verwahrlosung des gegenw\u00e4rtigen Bauens mit einer Architektur zu begegnen, die das Bed\u00fcrfnis des Menschen nach [&hellip;]<\/p>\n","protected":false},"author":1,"featured_media":0,"parent":0,"menu_order":0,"comment_status":"closed","ping_status":"closed","template":"","meta":{"footnotes":""},"class_list":["post-701","page","type-page","status-publish","hentry"],"_links":{"self":[{"href":"https:\/\/www.falkschoss.de\/content\/wp-json\/wp\/v2\/pages\/701","targetHints":{"allow":["GET"]}}],"collection":[{"href":"https:\/\/www.falkschoss.de\/content\/wp-json\/wp\/v2\/pages"}],"about":[{"href":"https:\/\/www.falkschoss.de\/content\/wp-json\/wp\/v2\/types\/page"}],"author":[{"embeddable":true,"href":"https:\/\/www.falkschoss.de\/content\/wp-json\/wp\/v2\/users\/1"}],"replies":[{"embeddable":true,"href":"https:\/\/www.falkschoss.de\/content\/wp-json\/wp\/v2\/comments?post=701"}],"version-history":[{"count":12,"href":"https:\/\/www.falkschoss.de\/content\/wp-json\/wp\/v2\/pages\/701\/revisions"}],"predecessor-version":[{"id":1066,"href":"https:\/\/www.falkschoss.de\/content\/wp-json\/wp\/v2\/pages\/701\/revisions\/1066"}],"wp:attachment":[{"href":"https:\/\/www.falkschoss.de\/content\/wp-json\/wp\/v2\/media?parent=701"}],"curies":[{"name":"wp","href":"https:\/\/api.w.org\/{rel}","templated":true}]}}